{"id":36,"date":"2025-05-27T12:25:49","date_gmt":"2025-05-27T10:25:49","guid":{"rendered":"https:\/\/emiliecharles-psy.fr\/?page_id=36"},"modified":"2025-07-28T10:15:47","modified_gmt":"2025-07-28T08:15:47","slug":"la-therapie","status":"publish","type":"page","link":"https:\/\/emiliecharles-psy.fr\/index.php\/la-therapie\/","title":{"rendered":"Pourquoi consulter ?"},"content":{"rendered":"\n<h2 class=\"wp-block-heading alignwide has-text-align-left\" style=\"margin-right:0;margin-left:0;padding-right:var(--wp--preset--spacing--20);padding-left:var(--wp--preset--spacing--20)\">Les indications <\/h2>\n\n\n\n<div class=\"wp-block-columns alignwide are-vertically-aligned-center is-layout-flex wp-container-core-columns-is-layout-28f84493 wp-block-columns-is-layout-flex\">\n<div class=\"wp-block-column is-vertically-aligned-center is-layout-flow wp-block-column-is-layout-flow\" style=\"padding-right:var(--wp--preset--spacing--20);padding-left:var(--wp--preset--spacing--20);flex-basis:100%\">\n<p class=\"justification-texte\" style=\"margin-top:var(--wp--preset--spacing--20);margin-bottom:var(--wp--preset--spacing--20)\">Je propose des consultations individuelles en pr\u00e9sentiel pour les <strong>adultes et les adolescents (\u00e0 partir de 16 ans)<\/strong>. Je peux \u00e9galement proposer des consultations en visio-conf\u00e9rence, selon la probl\u00e9matique.  <\/p>\n\n\n\n<p class=\"justification-texte\">Je vous accompagne pour un ensemble de difficult\u00e9s sp\u00e9cifiques, pour lesquelles les TCCE (Th\u00e9rapies Comportementales, Cognitives et Emotionnelles) ont d\u00e9montr\u00e9 une efficacit\u00e9 scientifique. N\u00e9anmoins, il n&rsquo;est pas n\u00e9cessaire d&rsquo;avoir re\u00e7u un diagnostic ou d&rsquo;avoir identifi\u00e9 pr\u00e9cis\u00e9ment sa probl\u00e9matique pour ressentir de la souffrance psychique et commencer un accompagnement.<\/p>\n<\/div>\n<\/div>\n\n\n\n<div style=\"height:35px\" aria-hidden=\"true\" class=\"wp-block-spacer\"><\/div>\n\n\n\n<h4 class=\"wp-block-heading alignwide has-text-align-center has-raft-fg-alt-background-color has-background\">Probl\u00e9matiques sp\u00e9cifiques<\/h4>\n\n\n\n<div class=\"wp-block-columns alignwide has-raft-fg-alt-background-color has-background is-layout-flex wp-container-core-columns-is-layout-9844054c wp-block-columns-is-layout-flex\" style=\"padding-top:0;padding-right:var(--wp--preset--spacing--20);padding-bottom:0;padding-left:var(--wp--preset--spacing--20)\">\n<div class=\"wp-block-column is-layout-flow wp-block-column-is-layout-flow\" style=\"padding-top:0;padding-right:0;padding-bottom:0;padding-left:0;flex-basis:160%\">\n<div class=\"wp-block-group is-layout-constrained wp-block-group-is-layout-constrained\">\n<ul class=\"wp-block-list\">\n<li><strong>Les troubles des conduites alimentaires :<\/strong>&nbsp;boulimie, anorexie, hyperphagie, m\u00e9rycisme, orthorexie probl\u00e9matique, pica<\/li>\n\n\n\n<li><strong>Les conduites addictives&nbsp;<\/strong>avec ou sans substance<\/li>\n\n\n\n<li><strong>Troubles<\/strong> <strong>de la personnalit\u00e9 <\/strong>: instabilit\u00e9 \u00e9motionnelle, identitaire et interpersonnelle<\/li>\n\n\n\n<li><strong>Les comportements auto-agressifs<\/strong><\/li>\n\n\n\n<li><strong>Les troubles de l\u2019humeur :&nbsp;<\/strong>d\u00e9pression, troubles bipolaires, troubles dysthymiques, trouble dysphorique pr\u00e9menstruel<\/li>\n\n\n\n<li><strong>Les troubles du neurod\u00e9veloppement :<\/strong>&nbsp;troubles du spectre de l\u2019autisme, troubles de l\u2019attention avec ou sans hyperactivit\u00e9 (TDAH)<\/li>\n\n\n\n<li><strong>Les troubles anxieux :<\/strong>&nbsp;trouble panique, phobie, anxi\u00e9t\u00e9 sociale, agoraphobie, anxi\u00e9t\u00e9 g\u00e9n\u00e9ralis\u00e9e, trouble de stress post-traumatique, TOC<\/li>\n\n\n\n<li><strong>Les troubles du sommeil et les douleurs chroniques <\/strong><\/li>\n<\/ul>\n\n\n\n<div style=\"height:34px\" aria-hidden=\"true\" class=\"wp-block-spacer\"><\/div>\n<\/div>\n<\/div>\n\n\n\n<div class=\"wp-block-column is-layout-flow wp-container-core-column-is-layout-f8561097 wp-block-column-is-layout-flow\" style=\"padding-top:0;padding-right:0;padding-bottom:0;padding-left:0;flex-basis:90%\">\n<figure class=\"wp-block-image size-large is-resized\" style=\"margin-top:0;margin-bottom:var(--wp--preset--spacing--40)\"><img fetchpriority=\"high\" decoding=\"async\" width=\"1024\" height=\"1024\" src=\"https:\/\/emiliecharles-psy.fr\/wp-content\/uploads\/2025\/05\/3811637-1-1024x1024.jpg\" alt=\"\" class=\"wp-image-305\" style=\"width:372px;height:auto\" srcset=\"https:\/\/emiliecharles-psy.fr\/wp-content\/uploads\/2025\/05\/3811637-1-1024x1024.jpg 1024w, https:\/\/emiliecharles-psy.fr\/wp-content\/uploads\/2025\/05\/3811637-1-300x300.jpg 300w, https:\/\/emiliecharles-psy.fr\/wp-content\/uploads\/2025\/05\/3811637-1-150x150.jpg 150w, https:\/\/emiliecharles-psy.fr\/wp-content\/uploads\/2025\/05\/3811637-1-768x768.jpg 768w, https:\/\/emiliecharles-psy.fr\/wp-content\/uploads\/2025\/05\/3811637-1-1536x1536.jpg 1536w, https:\/\/emiliecharles-psy.fr\/wp-content\/uploads\/2025\/05\/3811637-1.jpg 2000w\" sizes=\"(max-width: 1024px) 100vw, 1024px\" \/><\/figure>\n<\/div>\n<\/div>\n\n\n\n<div class=\"wp-block-columns alignwide is-layout-flex wp-container-core-columns-is-layout-28f84493 wp-block-columns-is-layout-flex\">\n<div class=\"wp-block-column is-layout-flow wp-block-column-is-layout-flow\" style=\"flex-basis:100%\">\n<div style=\"height:25px\" aria-hidden=\"true\" class=\"wp-block-spacer\"><\/div>\n\n\n\n<h4 class=\"wp-block-heading has-text-align-center\" style=\"margin-top:var(--wp--preset--spacing--30);margin-bottom:var(--wp--preset--spacing--30)\">Autres difficult\u00e9s de vie <\/h4>\n<\/div>\n<\/div>\n\n\n\n<div class=\"wp-block-columns alignwide are-vertically-aligned-top has-background is-layout-flex wp-container-core-columns-is-layout-e1e4c725 wp-block-columns-is-layout-flex\" style=\"background-color:#ffebd400;margin-top:0;margin-bottom:0;padding-top:0;padding-right:var(--wp--preset--spacing--20);padding-bottom:0;padding-left:var(--wp--preset--spacing--20)\">\n<div class=\"wp-block-column is-vertically-aligned-top is-layout-flow wp-container-core-column-is-layout-35dc4cc4 wp-block-column-is-layout-flow\" style=\"padding-top:var(--wp--preset--spacing--20);padding-right:0;padding-bottom:var(--wp--preset--spacing--20);padding-left:0;flex-basis:40.03%\">\n<figure class=\"wp-block-image aligncenter size-large is-resized wp-duotone-unset-1\"><img decoding=\"async\" width=\"1024\" height=\"683\" src=\"https:\/\/emiliecharles-psy.fr\/wp-content\/uploads\/2025\/05\/8507854-1-1024x683.jpg\" alt=\"\" class=\"wp-image-309\" style=\"aspect-ratio:1.4992726684984645;width:425px;height:auto\" srcset=\"https:\/\/emiliecharles-psy.fr\/wp-content\/uploads\/2025\/05\/8507854-1-1024x683.jpg 1024w, https:\/\/emiliecharles-psy.fr\/wp-content\/uploads\/2025\/05\/8507854-1-300x200.jpg 300w, https:\/\/emiliecharles-psy.fr\/wp-content\/uploads\/2025\/05\/8507854-1-768x512.jpg 768w, https:\/\/emiliecharles-psy.fr\/wp-content\/uploads\/2025\/05\/8507854-1-1536x1024.jpg 1536w, https:\/\/emiliecharles-psy.fr\/wp-content\/uploads\/2025\/05\/8507854-1-2048x1365.jpg 2048w\" sizes=\"(max-width: 1024px) 100vw, 1024px\" \/><\/figure>\n<\/div>\n\n\n\n<div class=\"wp-block-column is-vertically-aligned-top is-layout-flow wp-block-column-is-layout-flow\" style=\"padding-top:0;padding-right:0;padding-bottom:0;padding-left:0;flex-basis:68.97%\">\n<div class=\"wp-block-group is-content-justification-center is-layout-constrained wp-block-group-is-layout-constrained\">\n<ul class=\"wp-block-list\">\n<li><strong>Probl\u00e9matiques relationnelles<\/strong> (amicales, familiales et affectives) : difficult\u00e9s de communication, questionnements, ruptures<\/li>\n\n\n\n<li>Difficult\u00e9s <strong>d&rsquo;affirmation de soi<\/strong><\/li>\n\n\n\n<li>Difficult\u00e9s de <strong>gestion des \u00e9motions<\/strong><\/li>\n\n\n\n<li><strong>Burn out, difficult\u00e9s professionnelles<\/strong> ou li\u00e9es aux <strong>\u00e9tudes<\/strong><\/li>\n\n\n\n<li>Difficult\u00e9s li\u00e9es \u00e0 un <strong>\u00e9v\u00e9nement sp\u00e9cifique<\/strong> : deuil, maladie, changements de vie<\/li>\n\n\n\n<li>Difficult\u00e9s avec<strong> l&rsquo;estime de soi<\/strong><\/li>\n\n\n\n<li>Sentiment de <strong>ne pas vivre une vie \u00e9panouissante<\/strong>, en accord avec vos valeurs profondes<\/li>\n<\/ul>\n<\/div>\n<\/div>\n<\/div>\n\n\n\n<div class=\"wp-block-group alignfull is-layout-constrained wp-container-core-group-is-layout-b45bb76c wp-block-group-is-layout-constrained\" style=\"margin-top:0px;margin-bottom:0px;padding-top:var(--wp--preset--spacing--50);padding-right:var(--wp--preset--spacing--40);padding-bottom:var(--wp--preset--spacing--50);padding-left:var(--wp--preset--spacing--40)\">\n<div class=\"wp-block-buttons alignfull is-content-justification-center is-layout-flex wp-container-core-buttons-is-layout-a89b3969 wp-block-buttons-is-layout-flex\">\n<div class=\"wp-block-button\"><a class=\"wp-block-button__link wp-element-button\">Questions fr\u00e9quentes<\/a><\/div>\n<\/div>\n\n\n\n<p class=\"has-text-align-center has-normal-font-size\">Consulter un psychologue pour la premi\u00e8re fois peut susciter un grand nombre de questions. Je serai dispos\u00e9e \u00e0 y r\u00e9pondre lors de nos premiers entretiens. <\/p>\n\n\n\n<p class=\"has-text-align-center has-normal-font-size\">Avant cela, voici quelques r\u00e9ponses \u00e0 des questions fr\u00e9quentes : <\/p>\n\n\n\n<div class=\"wp-block-group alignwide has-raft-fg-alt-background-color has-background is-layout-flow wp-block-group-is-layout-flow\">\n<div class=\"wp-block-columns is-layout-flex wp-container-core-columns-is-layout-28f84493 wp-block-columns-is-layout-flex\">\n<div class=\"wp-block-column has-raft-bg-alt-background-color has-background is-layout-flow wp-container-core-column-is-layout-686fca38 wp-block-column-is-layout-flow\" style=\"padding-top:var(--wp--preset--spacing--50);padding-right:var(--wp--preset--spacing--50);padding-bottom:var(--wp--preset--spacing--50);padding-left:var(--wp--preset--spacing--50)\">\n<figure class=\"wp-block-image aligncenter size-full is-resized\"><img decoding=\"async\" width=\"512\" height=\"512\" src=\"https:\/\/emiliecharles-psy.fr\/wp-content\/uploads\/2025\/05\/clock_14139573temps.png\" alt=\"\" class=\"wp-image-294\" style=\"width:120px;height:auto\" srcset=\"https:\/\/emiliecharles-psy.fr\/wp-content\/uploads\/2025\/05\/clock_14139573temps.png 512w, https:\/\/emiliecharles-psy.fr\/wp-content\/uploads\/2025\/05\/clock_14139573temps-300x300.png 300w, https:\/\/emiliecharles-psy.fr\/wp-content\/uploads\/2025\/05\/clock_14139573temps-150x150.png 150w\" sizes=\"(max-width: 512px) 100vw, 512px\" \/><\/figure>\n\n\n\n<h5 id=\"wp-block-themeisle-blocks-advanced-heading-2988f854\" class=\"wp-block-themeisle-blocks-advanced-heading wp-block-themeisle-blocks-advanced-heading-2988f854\">Combien de temps dure la th\u00e9rapie ? <\/h5>\n\n\n\n<p class=\"justification-texte\">Les TCCE (Th\u00e9rapies Comportementales, Cognitives et Emotionnelles) sont consid\u00e9r\u00e9es comme des th\u00e9rapies relativement br\u00e8ves, en comparaison \u00e0 d&rsquo;autres approches psychoth\u00e9rapeutiques. Ainsi, selon la probl\u00e9matique, la th\u00e9rapie peut durer de quelques de s\u00e9ances \u00e0 plusieurs ann\u00e9es. C&rsquo;est une question qui d\u00e9pendra de chaque suivi et de chaque personne dans son individualit\u00e9. <\/p>\n<\/div>\n\n\n\n<div class=\"wp-block-column has-raft-bg-alt-background-color has-background is-layout-flow wp-container-core-column-is-layout-686fca38 wp-block-column-is-layout-flow\" style=\"padding-top:var(--wp--preset--spacing--50);padding-right:var(--wp--preset--spacing--50);padding-bottom:var(--wp--preset--spacing--50);padding-left:var(--wp--preset--spacing--50)\">\n<figure class=\"wp-block-image aligncenter size-full is-resized\"><img loading=\"lazy\" decoding=\"async\" width=\"512\" height=\"512\" src=\"https:\/\/emiliecharles-psy.fr\/wp-content\/uploads\/2025\/05\/convenir.png\" alt=\"\" class=\"wp-image-298\" style=\"width:116px;height:auto\" srcset=\"https:\/\/emiliecharles-psy.fr\/wp-content\/uploads\/2025\/05\/convenir.png 512w, https:\/\/emiliecharles-psy.fr\/wp-content\/uploads\/2025\/05\/convenir-300x300.png 300w, https:\/\/emiliecharles-psy.fr\/wp-content\/uploads\/2025\/05\/convenir-150x150.png 150w\" sizes=\"(max-width: 512px) 100vw, 512px\" \/><\/figure>\n\n\n\n<h5 id=\"wp-block-themeisle-blocks-advanced-heading-e653ec2c\" class=\"wp-block-themeisle-blocks-advanced-heading wp-block-themeisle-blocks-advanced-heading-e653ec2c\">Comment savoir si le suivi va me correspondre?<\/h5>\n\n\n\n<p class=\"justification-texte\">C&rsquo;est une question l\u00e9gitime, notamment lorsque c&rsquo;est la premi\u00e8re fois que l&rsquo;on souhaite consulter un psychologue. Cela va d\u00e9pendre de vos besoins et de mes comp\u00e9tences pour vous aider avec votre probl\u00e9matique. Ainsi, les premiers entretiens pourront vous apporter des r\u00e9ponses, autour d&rsquo;une discussion bienveillante et authentique.<\/p>\n<\/div>\n<\/div>\n\n\n\n<div class=\"wp-block-columns is-layout-flex wp-container-core-columns-is-layout-28f84493 wp-block-columns-is-layout-flex\">\n<div class=\"wp-block-column has-raft-bg-alt-background-color has-background is-layout-flow wp-container-core-column-is-layout-686fca38 wp-block-column-is-layout-flow\" style=\"padding-top:var(--wp--preset--spacing--50);padding-right:var(--wp--preset--spacing--50);padding-bottom:var(--wp--preset--spacing--50);padding-left:var(--wp--preset--spacing--50)\">\n<figure class=\"wp-block-image aligncenter size-full is-resized\"><img loading=\"lazy\" decoding=\"async\" width=\"512\" height=\"512\" src=\"https:\/\/emiliecharles-psy.fr\/wp-content\/uploads\/2025\/05\/group.png\" alt=\"\" class=\"wp-image-297\" style=\"width:123px;height:auto\" srcset=\"https:\/\/emiliecharles-psy.fr\/wp-content\/uploads\/2025\/05\/group.png 512w, https:\/\/emiliecharles-psy.fr\/wp-content\/uploads\/2025\/05\/group-300x300.png 300w, https:\/\/emiliecharles-psy.fr\/wp-content\/uploads\/2025\/05\/group-150x150.png 150w\" sizes=\"(max-width: 512px) 100vw, 512px\" \/><\/figure>\n\n\n\n<h3 class=\"wp-block-heading has-medium-font-size\">Psychiatre, psycho-praticien, psychanalyste, coach&#8230; quelle diff\u00e9rence avec le psychologue ?<\/h3>\n\n\n\n<p class=\"justification-texte\">Un psychiatre est un m\u00e9decin. Il est habilit\u00e9 \u00e0 prescrire des m\u00e9dicaments. Le titre de psychologue est \u00e9galement reconnu, et est d\u00e9livr\u00e9 apr\u00e8s cinq ans d&rsquo;\u00e9tudes, sans possibilit\u00e9 de prescrire des m\u00e9dicaments. Apr\u00e8s une formation scientifique et rigoureuse, le psychologue est expert en psychoth\u00e9rapie. Il est possible que les m\u00e9decins psychiatres la pratiquent \u00e9galement, mais c&rsquo;est plus rare. Les deux suivis sont compl\u00e9mentaires dans certains cas. <\/p>\n\n\n\n<p class=\"justification-texte\">Les titres de psycho-praticien, psychanalyste, coach et autres ne sont pas reconnus par l&rsquo;\u00e9tat. Pour vous y retrouver, psychiatre et psychologue ont un num\u00e9ro RPPS (<em>R\u00e9pertoire Partag\u00e9 des Professionnels intervenant dans le syst\u00e8me de Sant\u00e9<\/em>).<\/p>\n\n\n\n<p class=\"justification-texte\">Les psychiatres et psychologues peuvent \u00eatre form\u00e9s \u00e0 diff\u00e9rentes approches, comme la psychanalyse ou la th\u00e9rapie syst\u00e9mique. Pour ma part, je suis form\u00e9e aux TCCE.<\/p>\n\n\n\n<p class=\"has-text-align-center has-fraunces-font-family has-medium-font-size\">Les TCCE, c&rsquo;est quoi ? <a href=\"https:\/\/emiliecharles-psy.fr\/index.php\/les-tcce\/\" data-type=\"page\" data-id=\"413\">Cliquer ici <\/a>pour en savoir plus <\/p>\n<\/div>\n<\/div>\n\n\n\n<div class=\"wp-block-buttons is-content-justification-center is-layout-flex wp-container-core-buttons-is-layout-a89b3969 wp-block-buttons-is-layout-flex\"><\/div>\n<\/div>\n<\/div>\n\n\n<a href=\"https:\/\/www.doctolib.fr\/psychologue\/strasbourg\/emilie-charles-strasbourg\" style=\"display:block;text-align:center;background-color:#0596DE;color:#ffffff;font-size:14px;overflow:hidden;width:257px;height:40px;border-bottom-right-radius:none;border-bottom-left-radius:none;position:fixed;bottom:0;left:5px;z-index:1000;border-top-left-radius:4px;border-top-right-radius:4px;line-height:40px\" target=\"_blank\" data-reactroot=\"\"><span style=\"font-size:13px\">Prendre rendez-vous en ligne<\/span><img decoding=\"async\" style=\"height:15px;margin-bottom:3px;vertical-align:middle;width:auto\" src=\"https:\/\/www.doctolib.fr\/external_button\/doctolib-white-transparent.png\" alt=\"Doctolib\"\/><\/a>","protected":false},"excerpt":{"rendered":"<p>Les indications Je propose des consultations individuelles en pr\u00e9sentiel pour les adultes et les adolescents (\u00e0 partir de 16 ans). Je peux \u00e9galement proposer des consultations en visio-conf\u00e9rence, selon la probl\u00e9matique. Je vous accompagne pour un ensemble de difficult\u00e9s sp\u00e9cifiques, pour lesquelles les TCCE (Th\u00e9rapies Comportementales, Cognitives et Emotionnelles) ont d\u00e9montr\u00e9 une efficacit\u00e9 scientifique. N\u00e9anmoins, [&hellip;]<\/p>\n","protected":false},"author":1,"featured_media":0,"parent":0,"menu_order":0,"comment_status":"closed","ping_status":"closed","template":"","meta":{"_themeisle_gutenberg_block_has_review":false,"footnotes":""},"class_list":["post-36","page","type-page","status-publish","hentry"],"_links":{"self":[{"href":"https:\/\/emiliecharles-psy.fr\/index.php\/wp-json\/wp\/v2\/pages\/36","targetHints":{"allow":["GET"]}}],"collection":[{"href":"https:\/\/emiliecharles-psy.fr\/index.php\/wp-json\/wp\/v2\/pages"}],"about":[{"href":"https:\/\/emiliecharles-psy.fr\/index.php\/wp-json\/wp\/v2\/types\/page"}],"author":[{"embeddable":true,"href":"https:\/\/emiliecharles-psy.fr\/index.php\/wp-json\/wp\/v2\/users\/1"}],"replies":[{"embeddable":true,"href":"https:\/\/emiliecharles-psy.fr\/index.php\/wp-json\/wp\/v2\/comments?post=36"}],"version-history":[{"count":48,"href":"https:\/\/emiliecharles-psy.fr\/index.php\/wp-json\/wp\/v2\/pages\/36\/revisions"}],"predecessor-version":[{"id":535,"href":"https:\/\/emiliecharles-psy.fr\/index.php\/wp-json\/wp\/v2\/pages\/36\/revisions\/535"}],"wp:attachment":[{"href":"https:\/\/emiliecharles-psy.fr\/index.php\/wp-json\/wp\/v2\/media?parent=36"}],"curies":[{"name":"wp","href":"https:\/\/api.w.org\/{rel}","templated":true}]}}