{"id":318,"date":"2025-05-30T11:45:59","date_gmt":"2025-05-30T09:45:59","guid":{"rendered":"https:\/\/emiliecharles-psy.fr\/?page_id=318"},"modified":"2025-05-30T11:45:59","modified_gmt":"2025-05-30T09:45:59","slug":"mentions-legales","status":"publish","type":"page","link":"https:\/\/emiliecharles-psy.fr\/index.php\/mentions-legales\/","title":{"rendered":"Mentions l\u00e9gales"},"content":{"rendered":"\n<h5 class=\"wp-block-heading\">1 \u2013 \u00c9dition du site<\/h5>\n\n\n\n<p class=\"justification-texte has-small-font-size\">En vertu de\u00a0l\u2019article 6 de la loi n\u00b0 2004-575 du 21 juin 2004\u00a0pour la confiance dans l\u2019\u00e9conomie num\u00e9rique, il est pr\u00e9cis\u00e9 aux utilisateurs du site internet\u00a0<strong>emiliecharles-psy.fr<\/strong>\u00a0l\u2019identit\u00e9 des diff\u00e9rents intervenants dans le cadre de sa r\u00e9alisation et de son suivi:<\/p>\n\n\n\n<p class=\"justification-texte has-small-font-size\"><strong>Propri\u00e9taire du site :\u00a0<\/strong>Emilie CHARLES\u00a0\u2013 Contact :\u00a0postmaster@emiliecharles-psy.fr\u00a0\u2013 Adresse :\u00a02 Rue Victor Hugo, 67300 SCHILTIGHEIM<\/p>\n\n\n\n<p class=\"justification-texte has-small-font-size\"><strong>Identification de l\u2019entreprise :<\/strong>\u00a0Emilie CHARLES\u00a0au capital social de \u20ac \u2013 SIREN :\u00a0000000000 \u2013 Adresse postale :\u00a02 Rue Victor Hugo, 67300 SCHILTIGHEIM<\/p>\n\n\n\n<p class=\"justification-texte has-small-font-size\"><strong>Directeur de la publication :\u00a0<\/strong>Emilie CHARLES\u00a0\u2013 Contact :\u00a0postmaster@emiliecharles-psy.fr<\/p>\n\n\n\n<p class=\"has-small-font-size\"><strong>H\u00e9bergeur :<\/strong>\u00a0OVH SAS &#8211; 2, rue Kellermann, 59100 Roubaix.<\/p>\n\n\n\n<p class=\"justification-texte has-small-font-size\"><strong>D\u00e9l\u00e9gu\u00e9 \u00e0 la protection des donn\u00e9es :\u00a0<\/strong>Emilie CHARLES\u00a0\u2013 Contact :\u00a0postmaster@emiliecharles-psy.fr\u00a0\u2013 Adresse :\u00a02 Rue Victor Hugo, 67300 SCHILTIGHEIM<\/p>\n\n\n\n<p class=\"has-small-font-size\"><strong>Autres contributeurs : \/<\/strong><\/p>\n\n\n\n<hr class=\"wp-block-separator has-alpha-channel-opacity\"\/>\n\n\n\n<h5 class=\"wp-block-heading\" style=\"margin-top:var(--wp--preset--spacing--40);margin-bottom:var(--wp--preset--spacing--40)\">2 \u2013 Propri\u00e9t\u00e9 intellectuelle et contrefa\u00e7ons.<\/h5>\n\n\n\n<p class=\"justification-texte has-small-font-size\"><strong>Emilie CHARLES<\/strong>\u00a0est propri\u00e9taire des droits de propri\u00e9t\u00e9 intellectuelle et d\u00e9tient les droits d\u2019usage sur tous les \u00e9l\u00e9ments accessibles sur le site internet, notamment les textes, images, graphismes, logos, vid\u00e9os, architecture, ic\u00f4nes et sons.<\/p>\n\n\n\n<p class=\"justification-texte has-small-font-size\">Toute reproduction, repr\u00e9sentation, modification, publication, adaptation de tout ou partie des \u00e9l\u00e9ments du site, quel que soit le moyen ou le proc\u00e9d\u00e9 utilis\u00e9, est interdite, sauf autorisation \u00e9crite pr\u00e9alable de\u00a0<strong>Emilie CHARLES<\/strong>.<\/p>\n\n\n\n<p class=\"justification-texte has-small-font-size\">Toute exploitation non autoris\u00e9e du site ou de l\u2019un quelconque des \u00e9l\u00e9ments qu\u2019il contient sera consid\u00e9r\u00e9e comme constitutive d\u2019une contrefa\u00e7on et poursuivie conform\u00e9ment aux dispositions des articles\u00a0L.335-2 et suivants du Code de Propri\u00e9t\u00e9 Intellectuelle.<\/p>\n\n\n\n<hr class=\"wp-block-separator has-alpha-channel-opacity\"\/>\n\n\n\n<h5 class=\"wp-block-heading\" style=\"margin-top:var(--wp--preset--spacing--40);margin-bottom:var(--wp--preset--spacing--40)\">3 \u2013 Limitations de responsabilit\u00e9.<\/h5>\n\n\n\n<p class=\"justification-texte has-small-font-size\"><strong>Emilie CHARLES<\/strong>\u00a0ne pourra \u00eatre tenu pour responsable des dommages directs et indirects caus\u00e9s au mat\u00e9riel de l\u2019utilisateur, lors de l\u2019acc\u00e8s au site\u00a0<strong>emiliecharles-psy.fr<\/strong>.<\/p>\n\n\n\n<p class=\"justification-texte has-small-font-size\"><strong><strong>Emilie CHARLES<\/strong><\/strong>\u00a0d\u00e9cline toute responsabilit\u00e9 quant \u00e0 l\u2019utilisation qui pourrait \u00eatre faite des informations et contenus pr\u00e9sents sur\u00a0<strong>emiliecharles-psy.fr<\/strong>.<\/p>\n\n\n\n<p class=\"has-small-font-size\"><strong><strong>Emilie CHARLES<\/strong><\/strong>\u00a0s\u2019engage \u00e0 s\u00e9curiser au mieux le site\u00a0<strong><strong>emiliecharles-psy.fr<\/strong><\/strong>, cependant sa responsabilit\u00e9 ne pourra \u00eatre mise en cause si des donn\u00e9es ind\u00e9sirables sont import\u00e9es et install\u00e9es sur son site \u00e0 son insu.<\/p>\n\n\n\n<p class=\"justification-texte has-small-font-size\">Des espaces interactifs (espace contact ou commentaires) sont \u00e0 la disposition des utilisateurs.\u00a0<strong><strong>Emilie CHARLES<\/strong><\/strong>\u00a0se r\u00e9serve le droit de supprimer, sans mise en demeure pr\u00e9alable, tout contenu d\u00e9pos\u00e9 dans cet espace qui contreviendrait \u00e0 la l\u00e9gislation applicable en France, en particulier aux dispositions relatives \u00e0 la protection des donn\u00e9es.<\/p>\n\n\n\n<p class=\"justification-texte has-small-font-size\" style=\"padding-bottom:var(--wp--preset--spacing--40)\">Le cas \u00e9ch\u00e9ant,\u00a0<strong><strong>Emilie CHARLES<\/strong><\/strong>\u00a0se r\u00e9serve \u00e9galement la possibilit\u00e9 de mettre en cause la responsabilit\u00e9 civile et\/ou p\u00e9nale de l\u2019utilisateur, notamment en cas de message \u00e0 caract\u00e8re raciste, injurieux, diffamant, ou pornographique, quel que soit le support utilis\u00e9 (texte, photographie \u2026).<\/p>\n\n\n\n<hr class=\"wp-block-separator has-alpha-channel-opacity\"\/>\n\n\n\n<h5 class=\"wp-block-heading\" style=\"margin-top:var(--wp--preset--spacing--40);margin-bottom:var(--wp--preset--spacing--40)\">4 \u2013 CNIL et gestion des donn\u00e9es personnelles.<\/h5>\n\n\n\n<p class=\"justification-texte has-small-font-size\">Conform\u00e9ment aux dispositions de\u00a0la loi 78-17 du 6 janvier 1978 modifi\u00e9e, l\u2019utilisateur du site\u00a0<strong><strong>emiliecharles-psy.fr<\/strong><\/strong>\u00a0dispose d\u2019un droit d\u2019acc\u00e8s, de modification et de suppression des informations collect\u00e9es. Pour exercer ce droit, envoyez un message \u00e0 notre D\u00e9l\u00e9gu\u00e9 \u00e0 la Protection des Donn\u00e9es :\u00a0<strong><strong>Emilie CHARLES<\/strong><\/strong>.<\/p>\n\n\n\n<hr class=\"wp-block-separator has-alpha-channel-opacity\"\/>\n\n\n\n<h5 class=\"wp-block-heading\" style=\"padding-top:var(--wp--preset--spacing--40);padding-bottom:var(--wp--preset--spacing--40)\">5 \u2013 Liens hypertextes et cookies<\/h5>\n\n\n\n<p class=\"has-small-font-size\">Le site\u00a0<strong><strong>emiliecharles-psy.fr<\/strong><\/strong>\u00a0contient des liens hypertextes vers d\u2019autres sites et d\u00e9gage toute responsabilit\u00e9 \u00e0 propos de ces liens externes ou des liens cr\u00e9\u00e9s par d\u2019autres sites vers <strong>emiliecharles-psy.fr<\/strong>.<\/p>\n\n\n\n<p class=\"justification-texte has-small-font-size\">La navigation sur le site\u00a0<strong><strong>emiliecharles-psy.fr<\/strong><\/strong>\u00a0est susceptible de provoquer l\u2019installation de cookie(s) sur l\u2019ordinateur de l\u2019utilisateur.<\/p>\n\n\n\n<p class=\"justification-texte has-small-font-size\">Un \u00ab&nbsp;cookie&nbsp;\u00bb est un fichier de petite taille qui enregistre des informations relatives \u00e0 la navigation d\u2019un utilisateur sur un site. Les donn\u00e9es ainsi obtenues permettent d\u2019obtenir des mesures de fr\u00e9quentation, par exemple.<\/p>\n\n\n\n<p class=\"justification-texte has-small-font-size\">Vous avez la possibilit\u00e9&nbsp;<strong>d\u2019accepter ou de refuser les cookies<\/strong>&nbsp;en modifiant les param\u00e8tres de votre navigateur. Aucun cookie ne sera d\u00e9pos\u00e9 sans votre consentement.<\/p>\n\n\n\n<p class=\"has-small-font-size\">Les cookies sont enregistr\u00e9s pour une dur\u00e9e maximale de&nbsp;1&nbsp;mois.<\/p>\n\n\n\n<hr class=\"wp-block-separator has-alpha-channel-opacity\"\/>\n\n\n\n<h5 class=\"wp-block-heading\" style=\"padding-top:var(--wp--preset--spacing--40);padding-bottom:var(--wp--preset--spacing--40)\">6 \u2013 Droit applicable et attribution de juridiction.<\/h5>\n\n\n\n<p class=\"justification-texte has-small-font-size\">Tout litige en relation avec l\u2019utilisation du site\u00a0<strong>emiliecharles-psy.fr<\/strong> est soumis au droit fran\u00e7ais. En dehors des cas o\u00f9 la loi ne le permet pas, il est fait attribution exclusive de juridiction aux tribunaux comp\u00e9tents de\u00a0<strong>Strasbourg<\/strong>.<\/p>\n","protected":false},"excerpt":{"rendered":"<p>1 \u2013 \u00c9dition du site En vertu de\u00a0l\u2019article 6 de la loi n\u00b0 2004-575 du 21 juin 2004\u00a0pour la confiance dans l\u2019\u00e9conomie num\u00e9rique, il est pr\u00e9cis\u00e9 aux utilisateurs du site internet\u00a0emiliecharles-psy.fr\u00a0l\u2019identit\u00e9 des diff\u00e9rents intervenants dans le cadre de sa r\u00e9alisation et de son suivi: Propri\u00e9taire du site :\u00a0Emilie CHARLES\u00a0\u2013 Contact :\u00a0postmaster@emiliecharles-psy.fr\u00a0\u2013 Adresse :\u00a02 Rue Victor [&hellip;]<\/p>\n","protected":false},"author":1,"featured_media":0,"parent":0,"menu_order":0,"comment_status":"closed","ping_status":"closed","template":"","meta":{"_themeisle_gutenberg_block_has_review":false,"footnotes":""},"class_list":["post-318","page","type-page","status-publish","hentry"],"_links":{"self":[{"href":"https:\/\/emiliecharles-psy.fr\/index.php\/wp-json\/wp\/v2\/pages\/318","targetHints":{"allow":["GET"]}}],"collection":[{"href":"https:\/\/emiliecharles-psy.fr\/index.php\/wp-json\/wp\/v2\/pages"}],"about":[{"href":"https:\/\/emiliecharles-psy.fr\/index.php\/wp-json\/wp\/v2\/types\/page"}],"author":[{"embeddable":true,"href":"https:\/\/emiliecharles-psy.fr\/index.php\/wp-json\/wp\/v2\/users\/1"}],"replies":[{"embeddable":true,"href":"https:\/\/emiliecharles-psy.fr\/index.php\/wp-json\/wp\/v2\/comments?post=318"}],"version-history":[{"count":1,"href":"https:\/\/emiliecharles-psy.fr\/index.php\/wp-json\/wp\/v2\/pages\/318\/revisions"}],"predecessor-version":[{"id":319,"href":"https:\/\/emiliecharles-psy.fr\/index.php\/wp-json\/wp\/v2\/pages\/318\/revisions\/319"}],"wp:attachment":[{"href":"https:\/\/emiliecharles-psy.fr\/index.php\/wp-json\/wp\/v2\/media?parent=318"}],"curies":[{"name":"wp","href":"https:\/\/api.w.org\/{rel}","templated":true}]}}