{"id":233,"date":"2025-05-29T11:33:07","date_gmt":"2025-05-29T09:33:07","guid":{"rendered":"https:\/\/emiliecharles-psy.fr\/?page_id=233"},"modified":"2025-08-18T10:08:54","modified_gmt":"2025-08-18T08:08:54","slug":"pourquoi-consulter-copy","status":"publish","type":"page","link":"https:\/\/emiliecharles-psy.fr\/index.php\/pourquoi-consulter-copy\/","title":{"rendered":"Informations pratiques"},"content":{"rendered":"\n<h4 class=\"wp-block-heading alignwide has-text-align-center has-raft-fg-alt-background-color has-background\" style=\"margin-top:0;margin-bottom:0;padding-top:var(--wp--preset--spacing--30);padding-bottom:var(--wp--preset--spacing--30)\">Le cabinet <\/h4>\n\n\n\n<div class=\"wp-block-columns alignwide has-raft-fg-alt-background-color has-background is-layout-flex wp-container-core-columns-is-layout-9844054c wp-block-columns-is-layout-flex\" style=\"padding-top:0;padding-right:var(--wp--preset--spacing--20);padding-bottom:0;padding-left:var(--wp--preset--spacing--20)\">\n<div class=\"wp-block-column is-layout-flow wp-block-column-is-layout-flow\" style=\"padding-top:0;padding-right:0;padding-bottom:0;padding-left:0;flex-basis:160%\">\n<div class=\"wp-block-group is-layout-constrained wp-container-core-group-is-layout-8ada3c21 wp-block-group-is-layout-constrained\" style=\"padding-right:0;padding-left:var(--wp--preset--spacing--30)\">\n<p>Je vous accueille dans un cadre chaleureux au <strong>2 Rue Victor Hugo, \u00e0 Schiltigheim<\/strong> : <\/p>\n\n\n\n<p><\/p>\n\n\n\n<ul class=\"wp-block-list\">\n<li>Acc\u00e8s PMR<\/li>\n\n\n\n<li>Transports en commun; Lignes C9, 50, 60 (arr\u00eat Ecrivains), 70 (fr\u00e8res Lumi\u00e8re)<\/li>\n\n\n\n<li>Gare de Bischheim \u00e0 800m<\/li>\n\n\n\n<li>Parking gratuit \u00e0 proximit\u00e9<\/li>\n\n\n\n<li>A 15 minutes en v\u00e9lo de la gare de Strasbourg<\/li>\n<\/ul>\n\n\n\n<p style=\"margin-top:var(--wp--preset--spacing--20);margin-bottom:var(--wp--preset--spacing--20)\">Je vous accueille le mardi, le mercredi et le jeudi apr\u00e8s-midi.<\/p>\n\n\n\n<p>Le cabinet se trouve dans un local partag\u00e9 avec une di\u00e9t\u00e9ticienne, un m\u00e9decin g\u00e9n\u00e9raliste et des infirmiers.<\/p>\n<\/div>\n<\/div>\n\n\n\n<div class=\"wp-block-column is-vertically-aligned-center is-layout-constrained wp-container-core-column-is-layout-f60f49be wp-block-column-is-layout-constrained\" style=\"padding-top:var(--wp--preset--spacing--20);padding-right:0;padding-bottom:var(--wp--preset--spacing--50);padding-left:var(--wp--preset--spacing--20);flex-basis:100%\">\n<figure class=\"wp-block-image aligncenter size-full is-resized\" style=\"margin-top:0;margin-right:var(--wp--preset--spacing--40);margin-bottom:0\"><img fetchpriority=\"high\" decoding=\"async\" width=\"1414\" height=\"1232\" src=\"https:\/\/emiliecharles-psy.fr\/wp-content\/uploads\/2025\/05\/Capture-4.png\" alt=\"\" class=\"wp-image-257\" style=\"aspect-ratio:1.1477537310584374;width:404px;height:auto\" srcset=\"https:\/\/emiliecharles-psy.fr\/wp-content\/uploads\/2025\/05\/Capture-4.png 1414w, https:\/\/emiliecharles-psy.fr\/wp-content\/uploads\/2025\/05\/Capture-4-300x261.png 300w, https:\/\/emiliecharles-psy.fr\/wp-content\/uploads\/2025\/05\/Capture-4-1024x892.png 1024w, https:\/\/emiliecharles-psy.fr\/wp-content\/uploads\/2025\/05\/Capture-4-768x669.png 768w\" sizes=\"(max-width: 1414px) 100vw, 1414px\" \/><\/figure>\n<\/div>\n<\/div>\n\n\n\n<figure class=\"wp-block-gallery alignwide has-nested-images columns-default is-cropped has-border-color has-raft-fg-alt-border-color has-raft-fg-alt-background-color has-background wp-block-gallery-1 is-layout-flex wp-block-gallery-is-layout-flex\" style=\"border-width:12px\">\n<figure class=\"wp-block-image size-large\"><img decoding=\"async\" width=\"1024\" height=\"753\" data-id=\"551\" src=\"https:\/\/emiliecharles-psy.fr\/wp-content\/uploads\/2025\/08\/IMG_20250812_172521_edit_49709721441505-2-1024x753.jpg\" alt=\"\" class=\"wp-image-551\" srcset=\"https:\/\/emiliecharles-psy.fr\/wp-content\/uploads\/2025\/08\/IMG_20250812_172521_edit_49709721441505-2-1024x753.jpg 1024w, https:\/\/emiliecharles-psy.fr\/wp-content\/uploads\/2025\/08\/IMG_20250812_172521_edit_49709721441505-2-300x221.jpg 300w, https:\/\/emiliecharles-psy.fr\/wp-content\/uploads\/2025\/08\/IMG_20250812_172521_edit_49709721441505-2-768x565.jpg 768w, https:\/\/emiliecharles-psy.fr\/wp-content\/uploads\/2025\/08\/IMG_20250812_172521_edit_49709721441505-2-1536x1129.jpg 1536w, https:\/\/emiliecharles-psy.fr\/wp-content\/uploads\/2025\/08\/IMG_20250812_172521_edit_49709721441505-2-2048x1505.jpg 2048w\" sizes=\"(max-width: 1024px) 100vw, 1024px\" \/><\/figure>\n\n\n\n<figure class=\"wp-block-image size-large\"><img decoding=\"async\" width=\"1024\" height=\"682\" data-id=\"553\" src=\"https:\/\/emiliecharles-psy.fr\/wp-content\/uploads\/2025\/08\/IMG_20250812_174447_edit_49453324496759-2-1024x682.jpg\" alt=\"\" class=\"wp-image-553\" srcset=\"https:\/\/emiliecharles-psy.fr\/wp-content\/uploads\/2025\/08\/IMG_20250812_174447_edit_49453324496759-2-1024x682.jpg 1024w, https:\/\/emiliecharles-psy.fr\/wp-content\/uploads\/2025\/08\/IMG_20250812_174447_edit_49453324496759-2-300x200.jpg 300w, https:\/\/emiliecharles-psy.fr\/wp-content\/uploads\/2025\/08\/IMG_20250812_174447_edit_49453324496759-2-768x511.jpg 768w, https:\/\/emiliecharles-psy.fr\/wp-content\/uploads\/2025\/08\/IMG_20250812_174447_edit_49453324496759-2-1536x1023.jpg 1536w, https:\/\/emiliecharles-psy.fr\/wp-content\/uploads\/2025\/08\/IMG_20250812_174447_edit_49453324496759-2-2048x1364.jpg 2048w\" sizes=\"(max-width: 1024px) 100vw, 1024px\" \/><\/figure>\n\n\n\n<figure class=\"wp-block-image size-large\"><img loading=\"lazy\" decoding=\"async\" width=\"1024\" height=\"768\" data-id=\"552\" src=\"https:\/\/emiliecharles-psy.fr\/wp-content\/uploads\/2025\/08\/IMG_20250812_172805-1-1024x768.jpg\" alt=\"\" class=\"wp-image-552\" srcset=\"https:\/\/emiliecharles-psy.fr\/wp-content\/uploads\/2025\/08\/IMG_20250812_172805-1-1024x768.jpg 1024w, https:\/\/emiliecharles-psy.fr\/wp-content\/uploads\/2025\/08\/IMG_20250812_172805-1-300x225.jpg 300w, https:\/\/emiliecharles-psy.fr\/wp-content\/uploads\/2025\/08\/IMG_20250812_172805-1-768x576.jpg 768w, https:\/\/emiliecharles-psy.fr\/wp-content\/uploads\/2025\/08\/IMG_20250812_172805-1-1536x1152.jpg 1536w, https:\/\/emiliecharles-psy.fr\/wp-content\/uploads\/2025\/08\/IMG_20250812_172805-1-2048x1536.jpg 2048w\" sizes=\"(max-width: 1024px) 100vw, 1024px\" \/><\/figure>\n<\/figure>\n\n\n\n<div class=\"wp-block-columns alignwide is-layout-flex wp-container-core-columns-is-layout-28f84493 wp-block-columns-is-layout-flex\">\n<div class=\"wp-block-column is-layout-flow wp-block-column-is-layout-flow\" style=\"flex-basis:100%\">\n<h4 class=\"wp-block-heading has-text-align-center\" style=\"margin-top:var(--wp--preset--spacing--70);margin-bottom:var(--wp--preset--spacing--30)\">Tarifs et moyens de paiement<\/h4>\n<\/div>\n<\/div>\n\n\n\n<div class=\"wp-block-columns alignfull has-background is-layout-flex wp-container-core-columns-is-layout-e1e4c725 wp-block-columns-is-layout-flex\" style=\"background-color:#ffebd400;margin-top:0;margin-bottom:0;padding-top:0;padding-right:var(--wp--preset--spacing--20);padding-bottom:0;padding-left:var(--wp--preset--spacing--20)\">\n<div class=\"wp-block-column is-vertically-aligned-top is-layout-flow wp-block-column-is-layout-flow\" style=\"padding-top:0;padding-right:0;padding-bottom:0;padding-left:0;flex-basis:700%\">\n<div class=\"wp-block-group is-layout-constrained wp-container-core-group-is-layout-4383d167 wp-block-group-is-layout-constrained\" style=\"min-height:0px\">\n<p style=\"margin-top:var(--wp--preset--spacing--20);margin-bottom:var(--wp--preset--spacing--20)\">Je re\u00e7ois les <strong>adultes <\/strong>et les <strong>adolescents <\/strong>(\u00e0 partir de 16 ans). <\/p>\n\n\n\n<p style=\"margin-top:var(--wp--preset--spacing--40);margin-bottom:var(--wp--preset--spacing--40)\">Mes consultations durent entre <strong>50 minutes et 1 heure <\/strong>et sont factur\u00e9es 65\u20ac. <\/p>\n\n\n\n<p style=\"margin-top:var(--wp--preset--spacing--40);margin-bottom:var(--wp--preset--spacing--40)\">Le r\u00e8glement s&rsquo;effectue en fin de s\u00e9ance, par <strong>carte bancaire<\/strong> ou en <strong>esp\u00e8ces<\/strong>. Je n&rsquo;accepte pas les ch\u00e8ques.<\/p>\n\n\n\n<p class=\"has-text-align-right justification-texte\"><strong>Remboursements :&nbsp;<\/strong>je ne suis pas adh\u00e9rente au dispositif \u00ab&nbsp;Mon Psy&nbsp;\u00bb, les rendez-vous ne sont donc pas rembours\u00e9s par la s\u00e9curit\u00e9 sociale. Cependant, il est possible que votre mutuelle prenne en charge un certain nombre de s\u00e9ances ou vous rembourse une partie de chaque s\u00e9ance. Je vous invite ainsi \u00e0 vous renseigner aupr\u00e8s de celle-ci. Je vous transmettrai une facture en fin de RDV.<\/p>\n<\/div>\n<\/div>\n<\/div>\n\n\n\n<div class=\"wp-block-group alignfull is-layout-constrained wp-container-core-group-is-layout-bcab385f wp-block-group-is-layout-constrained\" style=\"margin-top:0px;margin-bottom:0px;padding-top:0;padding-right:var(--wp--preset--spacing--40);padding-bottom:0;padding-left:var(--wp--preset--spacing--40)\">\n<div class=\"wp-block-buttons alignfull is-content-justification-center is-layout-flex wp-container-core-buttons-is-layout-a7edd639 wp-block-buttons-is-layout-flex\" style=\"padding-top:var(--wp--preset--spacing--60);padding-bottom:0\">\n<div class=\"wp-block-button\"><a class=\"wp-block-button__link wp-element-button\">Prendre RDV avec Doctolib<\/a><\/div>\n<\/div>\n\n\n\n<p class=\"has-text-align-center\"><a href=\"https:\/\/www.doctolib.fr\/psychologue\/strasbourg\/emilie-charles-strasbourg\">Cliquer ici <\/a><\/p>\n\n\n\n<p class=\"has-text-align-center has-normal-font-size\">Ou me contacter via le <strong>formulaire ci-dessous<\/strong> pour toute question :<\/p>\n\n\n<style id=\"wpforms-css-vars-211-block-e89851ff-1daa-42ee-95b4-22c692dbeb50\">\n\t\t\t\t#wpforms-211.wpforms-block-e89851ff-1daa-42ee-95b4-22c692dbeb50 {\n\t\t\t\t--wpforms-button-background-color: #AC5039;\n--wpforms-field-size-input-height: 43px;\n--wpforms-field-size-input-spacing: 15px;\n--wpforms-field-size-font-size: 16px;\n--wpforms-field-size-line-height: 19px;\n--wpforms-field-size-padding-h: 14px;\n--wpforms-field-size-checkbox-size: 16px;\n--wpforms-field-size-sublabel-spacing: 5px;\n--wpforms-field-size-icon-size: 1;\n--wpforms-label-size-font-size: 16px;\n--wpforms-label-size-line-height: 19px;\n--wpforms-label-size-sublabel-font-size: 14px;\n--wpforms-label-size-sublabel-line-height: 17px;\n--wpforms-button-size-font-size: 17px;\n--wpforms-button-size-height: 41px;\n--wpforms-button-size-padding-h: 15px;\n--wpforms-button-size-margin-top: 10px;\n\n\t\t\t}\n\t\t\t<\/style><div class=\"wpforms-container wpforms-container-full wpforms-block wpforms-block-e89851ff-1daa-42ee-95b4-22c692dbeb50 wpforms-render-modern\" id=\"wpforms-211\"><form id=\"wpforms-form-211\" class=\"wpforms-validate wpforms-form wpforms-ajax-form\" data-formid=\"211\" method=\"post\" enctype=\"multipart\/form-data\" action=\"\/index.php\/wp-json\/wp\/v2\/pages\/233\" data-token=\"af341c17a9080fd65cc561af014e4828\" data-token-time=\"1778065245\"><noscript class=\"wpforms-error-noscript\">Veuillez activer JavaScript dans votre navigateur pour remplir ce formulaire.<\/noscript><div class=\"wpforms-hidden\" id=\"wpforms-error-noscript\">Veuillez activer JavaScript dans votre navigateur pour remplir ce formulaire.<\/div><div class=\"wpforms-field-container\"><div id=\"wpforms-211-field_1-container\" class=\"wpforms-field wpforms-field-name\" data-field-id=\"1\"><fieldset><legend class=\"wpforms-field-label\">Nom <span class=\"wpforms-required-label\" aria-hidden=\"true\">*<\/span><\/legend><div class=\"wpforms-field-row wpforms-field-large\"><div class=\"wpforms-field-row-block wpforms-first wpforms-one-half\"><input type=\"text\" id=\"wpforms-211-field_1\" class=\"wpforms-field-name-first wpforms-field-required\" name=\"wpforms[fields][1][first]\" aria-errormessage=\"wpforms-211-field_1-error\" required><label for=\"wpforms-211-field_1\" class=\"wpforms-field-sublabel after\">Pr\u00e9nom<\/label><\/div><div class=\"wpforms-field-row-block wpforms-one-half\"><input type=\"text\" id=\"wpforms-211-field_1-last\" class=\"wpforms-field-name-last wpforms-field-required\" name=\"wpforms[fields][1][last]\" aria-errormessage=\"wpforms-211-field_1-last-error\" required><label for=\"wpforms-211-field_1-last\" class=\"wpforms-field-sublabel after\">Nom<\/label><\/div><\/div><\/fieldset><\/div><div id=\"wpforms-211-field_2-container\" class=\"wpforms-field wpforms-field-email\" data-field-id=\"2\"><label class=\"wpforms-field-label\" for=\"wpforms-211-field_2\">E-mail <span class=\"wpforms-required-label\" aria-hidden=\"true\">*<\/span><\/label><input type=\"email\" id=\"wpforms-211-field_2\" class=\"wpforms-field-large wpforms-field-required\" name=\"wpforms[fields][2]\" spellcheck=\"false\" aria-errormessage=\"wpforms-211-field_2-error\" required><\/div><div id=\"wpforms-211-field_4-container\" class=\"wpforms-field wpforms-field-text\" data-field-id=\"4\"><label class=\"wpforms-field-label\" for=\"wpforms-211-field_4\">Num\u00e9ro de t\u00e9l\u00e9phone<\/label><input type=\"text\" id=\"wpforms-211-field_4\" class=\"wpforms-field-large\" name=\"wpforms[fields][4]\" aria-errormessage=\"wpforms-211-field_4-error\" ><\/div><div id=\"wpforms-211-field_3-container\" class=\"wpforms-field wpforms-field-textarea\" data-field-id=\"3\"><label class=\"wpforms-field-label\" for=\"wpforms-211-field_3\">Merci de pr\u00e9ciser votre demande<\/label><textarea id=\"wpforms-211-field_3\" class=\"wpforms-field-medium\" name=\"wpforms[fields][3]\" placeholder=\"Si vous \u00eates plus \u00e0 l&#039;aise pour que nous \u00e9changions une premi\u00e8re fois avant de me faire part de votre demande, merci de le pr\u00e9ciser ici\" aria-errormessage=\"wpforms-211-field_3-error\" ><\/textarea><\/div><\/div><!-- .wpforms-field-container --><div class=\"wpforms-submit-container\" ><input type=\"hidden\" name=\"wpforms[id]\" value=\"211\"><input type=\"hidden\" name=\"page_title\" value=\"\"><input type=\"hidden\" name=\"page_url\" value=\"https:\/\/emiliecharles-psy.fr\/index.php\/wp-json\/wp\/v2\/pages\/233\"><input type=\"hidden\" name=\"url_referer\" value=\"\"><button type=\"submit\" name=\"wpforms[submit]\" id=\"wpforms-submit-211\" class=\"wpforms-submit\" data-alt-text=\"Envoi...\" data-submit-text=\"Envoyer\" aria-live=\"assertive\" value=\"wpforms-submit\">Envoyer<\/button><img loading=\"lazy\" decoding=\"async\" src=\"https:\/\/emiliecharles-psy.fr\/wp-content\/plugins\/wpforms-lite\/assets\/images\/submit-spin.svg\" class=\"wpforms-submit-spinner\" style=\"display: none;\" width=\"26\" height=\"26\" alt=\"Chargement en cours\"><\/div><\/form><\/div>  <!-- .wpforms-container -->\n\n\n<a href=\"https:\/\/www.doctolib.fr\/psychologue\/strasbourg\/emilie-charles-strasbourg\" style=\"display:block;text-align:center;background-color:#0596DE;color:#ffffff;font-size:14px;overflow:hidden;width:257px;height:40px;border-bottom-right-radius:none;border-bottom-left-radius:none;position:fixed;bottom:0;left:5px;z-index:1000;border-top-left-radius:4px;border-top-right-radius:4px;line-height:40px\" target=\"_blank\" data-reactroot=\"\"><span style=\"font-size:13px\">Prendre rendez-vous en ligne<\/span><img decoding=\"async\" style=\"height:15px;margin-bottom:3px;vertical-align:middle;width:auto\" src=\"https:\/\/www.doctolib.fr\/external_button\/doctolib-white-transparent.png\" alt=\"Doctolib\"\/><\/a>\n<\/div>\n","protected":false},"excerpt":{"rendered":"<p>Le cabinet Je vous accueille dans un cadre chaleureux au 2 Rue Victor Hugo, \u00e0 Schiltigheim : Je vous accueille le mardi, le mercredi et le jeudi apr\u00e8s-midi. Le cabinet se trouve dans un local partag\u00e9 avec une di\u00e9t\u00e9ticienne, un m\u00e9decin g\u00e9n\u00e9raliste et des infirmiers. Tarifs et moyens de paiement Je re\u00e7ois les adultes et [&hellip;]<\/p>\n","protected":false},"author":1,"featured_media":0,"parent":0,"menu_order":0,"comment_status":"closed","ping_status":"closed","template":"","meta":{"_themeisle_gutenberg_block_has_review":false,"footnotes":""},"class_list":["post-233","page","type-page","status-publish","hentry"],"_links":{"self":[{"href":"https:\/\/emiliecharles-psy.fr\/index.php\/wp-json\/wp\/v2\/pages\/233","targetHints":{"allow":["GET"]}}],"collection":[{"href":"https:\/\/emiliecharles-psy.fr\/index.php\/wp-json\/wp\/v2\/pages"}],"about":[{"href":"https:\/\/emiliecharles-psy.fr\/index.php\/wp-json\/wp\/v2\/types\/page"}],"author":[{"embeddable":true,"href":"https:\/\/emiliecharles-psy.fr\/index.php\/wp-json\/wp\/v2\/users\/1"}],"replies":[{"embeddable":true,"href":"https:\/\/emiliecharles-psy.fr\/index.php\/wp-json\/wp\/v2\/comments?post=233"}],"version-history":[{"count":44,"href":"https:\/\/emiliecharles-psy.fr\/index.php\/wp-json\/wp\/v2\/pages\/233\/revisions"}],"predecessor-version":[{"id":555,"href":"https:\/\/emiliecharles-psy.fr\/index.php\/wp-json\/wp\/v2\/pages\/233\/revisions\/555"}],"wp:attachment":[{"href":"https:\/\/emiliecharles-psy.fr\/index.php\/wp-json\/wp\/v2\/media?parent=233"}],"curies":[{"name":"wp","href":"https:\/\/api.w.org\/{rel}","templated":true}]}}